{"id":191,"date":"2018-01-12T10:40:16","date_gmt":"2018-01-12T10:40:16","guid":{"rendered":"http:\/\/bridge129.qodeinteractive.com\/?page_id=191"},"modified":"2026-02-11T19:48:28","modified_gmt":"2026-02-11T18:48:28","slug":"inhouse-schulung","status":"publish","type":"page","link":"https:\/\/www.pallicura.de\/akademie\/inhouse-schulung\/","title":{"rendered":"Inhouse-Schulung"},"content":{"rendered":"<p>[vc_row css_animation=&#8220;&#8220; row_type=&#8220;row&#8220; use_row_as_full_screen_section=&#8220;no&#8220; type=&#8220;grid&#8220; angled_section=&#8220;no&#8220; text_align=&#8220;left&#8220; background_image_as_pattern=&#8220;without_pattern&#8220; z_index=&#8220;&#8220; padding_top=&#8220;75&#8243; padding_bottom=&#8220;75&#8243;][vc_column][vc_column_text]<\/p>\n<h2 style=\"text-align: center;\">PALLIATIVE CARE KOMPAKT<\/h2>\n<p>[\/vc_column_text][vc_empty_space height=&#8220;64px&#8220;][vc_column_text]<\/p>\n<div class=\"wpb_column vc_column_container vc_col-sm-6 vc_col-md-6\">\n<div class=\"vc_column-inner\">\n<div class=\"wpb_wrapper\">\n<div class=\"wpb_text_column wpb_content_element \">\n<div class=\"wpb_wrapper\">\n<div id=\"block-bourbon-page-title\">\n<p>Wir bieten Palliative Care <em>kompakt<\/em> als ma\u00dfgeschneiderte einrichtungsinterne Schulung f\u00fcr Ihr Team von Leitungs- und F\u00fchrungskr\u00e4ften, Pflegenden mit und ohne Fachqualifikation, Mitarbeitenden in der Sozialen Betreuung und aus weiteren Berufsgruppen, wie den Bereichen Hauswirtschaft und Verwaltung, an.<\/p>\n<p>&nbsp;<\/p>\n<\/div>\n<\/div>\n<\/div>\n<div class=\"wpb_text_column wpb_content_element \">\n<div class=\"wpb_wrapper\">\n<div id=\"block-bourbon-page-title\">\n<p>Sie haben Interesse an einer Inhouse-Schulung zu Palliative Care in Ihrer Einrichtung?<\/p>\n<p>Bitte wenden Sie sich mit Ihrer Anfrage direkt an unsere Kurskoordinatorin.<\/p>\n<p>&nbsp;<\/p>\n<\/div>\n<\/div>\n<\/div>\n<\/div>\n<\/div>\n<\/div>\n<div class=\"wpb_column vc_column_container vc_col-sm-6 vc_col-md-6\">\n<div class=\"vc_column-inner\">\n<div class=\"wpb_wrapper\">\n<div class=\"vc_empty_space\"><\/div>\n<div class=\"wpb_text_column wpb_content_element \">\n<div class=\"wpb_wrapper\">\n<div id=\"block-bourbon-page-title\">\n<p>Sie w\u00e4hlen die gew\u00fcnschten Themenschwerpunkte und den Umfang der Inhouse-Schulung selbst und kombinieren sie nach den Bed\u00fcrfnissen Ihrer Mitarbeitenden. H\u00e4ufig gew\u00e4hlte Themen sind:<\/p>\n<p>&nbsp;<\/p>\n<ul>\n<li>Palliative Care verstehen<\/li>\n<li>Palliative Haltung und Hospizgedanke<\/li>\n<li>Ern\u00e4hrung und Fl\u00fcssigkeit am Lebensende<\/li>\n<li>Grundlagen der Schmerztherapie<\/li>\n<li>Linderung gastrointestinaler Beschwerden<\/li>\n<li>Wund- und Tumorversorgung<\/li>\n<li>Linderung neurologische Symptome und Fatigue-Syndrom<\/li>\n<li>Umgang mit \u00c4ngsten und Unruhe<\/li>\n<li>Hilfen bei Atemnot<\/li>\n<li>Kollegiale Beratung<\/li>\n<li>Selbstf\u00fcrsorge<\/li>\n<li>Kommunikation in schwierigen Situationen<\/li>\n<li>Psychosoziale und spirituelle Begleitung in der letzten Lebensphase<\/li>\n<li>Unterst\u00fctzung und Anleitung von An- und Zugeh\u00f6rigen<\/li>\n<li>Biographie und Lebensbilanz<\/li>\n<li>Spezielle Mundpflege<\/li>\n<li>Basale Stimulation<\/li>\n<li>Arbeit im multiprofessionellen Versorgungsnetzwerk<\/li>\n<li>Palliative Aromapflege<\/li>\n<li>Trauer und Trauerbegleitung<\/li>\n<\/ul>\n<\/div>\n<p>&nbsp;<\/p>\n<\/div>\n<\/div>\n<\/div>\n<\/div>\n<\/div>\n<p>[\/vc_column_text][vc_empty_space height=&#8220;100px&#8220;][vc_column_text]<\/p>\n<h2 style=\"text-align: center;\">KURSLEITUNG<\/h2>\n<p>[\/vc_column_text][\/vc_column][\/vc_row][vc_row css_animation=&#8220;&#8220; row_type=&#8220;row&#8220; use_row_as_full_screen_section=&#8220;no&#8220; type=&#8220;grid&#8220; angled_section=&#8220;no&#8220; text_align=&#8220;left&#8220; background_image_as_pattern=&#8220;without_pattern&#8220; z_index=&#8220;&#8220;][vc_column][vc_single_image image=&#8220;2496&#8243; alignment=&#8220;center&#8220; style=&#8220;vc_box_circle_2&#8243; qode_css_animation=&#8220;&#8220;][vc_column_text]<\/p>\n<div class=\"views-field views-field-field-bezeichnung\">\n<div style=\"text-align: center;\"><strong>Melanie Weber<\/strong><\/div>\n<div class=\"field-content\" style=\"text-align: center;\">\n<div class=\"views-field views-field-field-bezeichnung\">\n<div class=\"field-content\">\n<div class=\"field-content\">\n<div class=\"views-field views-field-field-bezeichnung\">\n<div class=\"field-content\">Palliative-Care-Fachkraft, zertifizierte Kursleiterin (DGP), verantwortliche Pflegefachkraft<\/div>\n<\/div>\n<div class=\"views-field views-field-field-e-mail\">\n<div class=\"field-content\">melanie.weber@pallicura.de<\/div>\n<\/div>\n<\/div>\n<\/div>\n<\/div>\n<\/div>\n<\/div>\n<p>[\/vc_column_text][vc_empty_space][\/vc_column][\/vc_row][vc_row css_animation=&#8220;&#8220; row_type=&#8220;row&#8220; use_row_as_full_screen_section=&#8220;no&#8220; type=&#8220;full_width&#8220; angled_section=&#8220;no&#8220; text_align=&#8220;left&#8220; background_image_as_pattern=&#8220;without_pattern&#8220;][vc_column][vc_empty_space][\/vc_column][\/vc_row]<\/p>\n","protected":false},"excerpt":{"rendered":"<p>[vc_row css_animation=&#8220;&#8220; row_type=&#8220;row&#8220; use_row_as_full_screen_section=&#8220;no&#8220; type=&#8220;grid&#8220; angled_section=&#8220;no&#8220; text_align=&#8220;left&#8220; background_image_as_pattern=&#8220;without_pattern&#8220; z_index=&#8220;&#8220; padding_top=&#8220;75&#8243; padding_bottom=&#8220;75&#8243;][vc_column][vc_column_text] PALLIATIVE CARE KOMPAKT [\/vc_column_text][vc_empty_space height=&#8220;64px&#8220;][vc_column_text] Wir bieten Palliative Care kompakt als ma\u00dfgeschneiderte einrichtungsinterne Schulung f\u00fcr Ihr Team von Leitungs- und F\u00fchrungskr\u00e4ften, Pflegenden mit und ohne Fachqualifikation, Mitarbeitenden in der Sozialen Betreuung und aus weiteren&#8230;<\/p>\n","protected":false},"author":1,"featured_media":0,"parent":0,"menu_order":0,"comment_status":"closed","ping_status":"closed","template":"full_width.php","meta":{"content-type":"","_EventAllDay":false,"_EventTimezone":"","_EventStartDate":"","_EventEndDate":"","_EventStartDateUTC":"","_EventEndDateUTC":"","_EventShowMap":false,"_EventShowMapLink":false,"_EventURL":"","_EventCost":"","_EventCostDescription":"","_EventCurrencySymbol":"","_EventCurrencyCode":"","_EventCurrencyPosition":"","_EventDateTimeSeparator":"","_EventTimeRangeSeparator":"","_EventOrganizerID":[],"_EventVenueID":[],"_OrganizerEmail":"","_OrganizerPhone":"","_OrganizerWebsite":"","_VenueAddress":"","_VenueCity":"","_VenueCountry":"","_VenueProvince":"","_VenueState":"","_VenueZip":"","_VenuePhone":"","_VenueURL":"","_VenueStateProvince":"","_VenueLat":"","_VenueLng":"","_VenueShowMap":false,"_VenueShowMapLink":false,"footnotes":""},"class_list":["post-191","page","type-page","status-publish","hentry"],"_links":{"self":[{"href":"https:\/\/www.pallicura.de\/akademie\/wp-json\/wp\/v2\/pages\/191","targetHints":{"allow":["GET"]}}],"collection":[{"href":"https:\/\/www.pallicura.de\/akademie\/wp-json\/wp\/v2\/pages"}],"about":[{"href":"https:\/\/www.pallicura.de\/akademie\/wp-json\/wp\/v2\/types\/page"}],"author":[{"embeddable":true,"href":"https:\/\/www.pallicura.de\/akademie\/wp-json\/wp\/v2\/users\/1"}],"replies":[{"embeddable":true,"href":"https:\/\/www.pallicura.de\/akademie\/wp-json\/wp\/v2\/comments?post=191"}],"version-history":[{"count":26,"href":"https:\/\/www.pallicura.de\/akademie\/wp-json\/wp\/v2\/pages\/191\/revisions"}],"predecessor-version":[{"id":2499,"href":"https:\/\/www.pallicura.de\/akademie\/wp-json\/wp\/v2\/pages\/191\/revisions\/2499"}],"wp:attachment":[{"href":"https:\/\/www.pallicura.de\/akademie\/wp-json\/wp\/v2\/media?parent=191"}],"curies":[{"name":"wp","href":"https:\/\/api.w.org\/{rel}","templated":true}]}}